{"id":54,"date":"2021-08-26T20:35:38","date_gmt":"2021-08-26T20:35:38","guid":{"rendered":"https:\/\/sersosa.com\/?page_id=54"},"modified":"2025-01-15T04:58:03","modified_gmt":"2025-01-15T04:58:03","slug":"contacto","status":"publish","type":"page","link":"https:\/\/sersosa.com\/index.php\/contacto\/","title":{"rendered":"Contacto"},"content":{"rendered":"\t\t<div data-elementor-type=\"wp-page\" data-elementor-id=\"54\" class=\"elementor elementor-54\">\n\t\t\t\t\t\t<section class=\"elementor-section elementor-top-section elementor-element elementor-element-e7540f7 elementor-section-height-min-height elementor-section-items-stretch elementor-section-boxed elementor-section-height-default\" data-id=\"e7540f7\" data-element_type=\"section\" data-settings=\"{&quot;background_background&quot;:&quot;classic&quot;}\">\n\t\t\t\t\t\t<div class=\"elementor-container elementor-column-gap-default\">\n\t\t\t\t\t<div class=\"elementor-column elementor-col-100 elementor-top-column elementor-element elementor-element-c0d4fa2\" data-id=\"c0d4fa2\" data-element_type=\"column\">\n\t\t\t<div class=\"elementor-widget-wrap elementor-element-populated\">\n\t\t\t\t\t\t<div class=\"elementor-element elementor-element-ff4ddb4 elementor-widget__width-auto elementor-widget elementor-widget-heading\" data-id=\"ff4ddb4\" data-element_type=\"widget\" data-widget_type=\"heading.default\">\n\t\t\t\t<div class=\"elementor-widget-container\">\n\t\t\t\t\t<h2 class=\"elementor-heading-title elementor-size-default\">Cont\u00e1ctanos<\/h2>\t\t\t\t<\/div>\n\t\t\t\t<\/div>\n\t\t\t\t\t<\/div>\n\t\t<\/div>\n\t\t\t\t\t<\/div>\n\t\t<\/section>\n\t\t\t\t<section class=\"elementor-section elementor-top-section elementor-element elementor-element-0e52ecb elementor-section-boxed elementor-section-height-default elementor-section-height-default\" data-id=\"0e52ecb\" data-element_type=\"section\">\n\t\t\t\t\t\t<div class=\"elementor-container elementor-column-gap-default\">\n\t\t\t\t\t<div class=\"elementor-column elementor-col-100 elementor-top-column elementor-element elementor-element-ad11ad3\" data-id=\"ad11ad3\" data-element_type=\"column\" data-settings=\"{&quot;background_background&quot;:&quot;classic&quot;}\">\n\t\t\t<div class=\"elementor-widget-wrap elementor-element-populated\">\n\t\t\t\t\t\t<div class=\"elementor-element elementor-element-06d92a2 elementor-widget__width-auto elementor-widget elementor-widget-heading\" data-id=\"06d92a2\" data-element_type=\"widget\" data-widget_type=\"heading.default\">\n\t\t\t\t<div class=\"elementor-widget-container\">\n\t\t\t\t\t<h2 class=\"elementor-heading-title elementor-size-default\"><i class=\"fas fa-users\"><\/i> Nosotros<\/h2>\t\t\t\t<\/div>\n\t\t\t\t<\/div>\n\t\t\t\t<div class=\"elementor-element elementor-element-ada0107 elementor-widget elementor-widget-text-editor\" data-id=\"ada0107\" data-element_type=\"widget\" data-widget_type=\"text-editor.default\">\n\t\t\t\t<div class=\"elementor-widget-container\">\n\t\t\t\t\t\t\t\t\t<p>Somos una empresa formada por personal profesional multidisciplinario con formaci\u00f3n en ingenier\u00eda, biolog\u00eda, qu\u00edmica y farmac\u00e9utica. <br \/>Nuestra misi\u00f3n es ofrecer productos y servicios de calidad que sean verdaderas soluciones a tus necesidades en materia de salud y ambiente. <\/p>\t\t\t\t\t\t\t\t<\/div>\n\t\t\t\t<\/div>\n\t\t\t\t\t<\/div>\n\t\t<\/div>\n\t\t\t\t\t<\/div>\n\t\t<\/section>\n\t\t\t\t<section class=\"elementor-section elementor-top-section elementor-element elementor-element-46052a6 elementor-section-content-middle elementor-section-boxed elementor-section-height-default elementor-section-height-default\" data-id=\"46052a6\" data-element_type=\"section\" data-settings=\"{&quot;background_background&quot;:&quot;classic&quot;}\">\n\t\t\t\t\t\t<div class=\"elementor-container elementor-column-gap-no\">\n\t\t\t\t\t<div class=\"elementor-column elementor-col-100 elementor-top-column elementor-element elementor-element-a392cfe\" data-id=\"a392cfe\" data-element_type=\"column\" data-settings=\"{&quot;background_background&quot;:&quot;classic&quot;}\">\n\t\t\t<div class=\"elementor-widget-wrap elementor-element-populated\">\n\t\t\t\t\t\t<div class=\"elementor-element elementor-element-8dd602c elementor-widget__width-auto elementor-widget elementor-widget-heading\" data-id=\"8dd602c\" data-element_type=\"widget\" data-widget_type=\"heading.default\">\n\t\t\t\t<div class=\"elementor-widget-container\">\n\t\t\t\t\t<h2 class=\"elementor-heading-title elementor-size-default\"><i class=\"fas fa-envelope-open-text\"><\/i> Contacto<\/h2>\t\t\t\t<\/div>\n\t\t\t\t<\/div>\n\t\t\t\t<div class=\"elementor-element elementor-element-2bdc0be elementor-widget elementor-widget-text-editor\" data-id=\"2bdc0be\" data-element_type=\"widget\" data-widget_type=\"text-editor.default\">\n\t\t\t\t<div class=\"elementor-widget-container\">\n\t\t\t\t\t\t\t\t\t<p style=\"font-variant-ligatures: normal; font-variant-caps: normal; font-family: Roboto, sans-serif; font-size: 18px; font-style: normal; font-weight: 400;\">Estamos a su disposici\u00f3n a trav\u00e9s de:<\/p>\n<p style=\"font-variant-ligatures: normal; font-variant-caps: normal; font-family: Roboto, sans-serif; font-size: 18px; font-style: normal; font-weight: 400;\">&nbsp; ventas@sersosa.com<br>&nbsp; contacto@sersosa.com<\/p>\t\t\t\t\t\t\t\t<\/div>\n\t\t\t\t<\/div>\n\t\t\t\t<div class=\"elementor-element elementor-element-376c8bb elementor-widget elementor-widget-spacer\" data-id=\"376c8bb\" data-element_type=\"widget\" data-widget_type=\"spacer.default\">\n\t\t\t\t<div class=\"elementor-widget-container\">\n\t\t\t\t\t\t\t<div class=\"elementor-spacer\">\n\t\t\t<div class=\"elementor-spacer-inner\"><\/div>\n\t\t<\/div>\n\t\t\t\t\t\t<\/div>\n\t\t\t\t<\/div>\n\t\t\t\t\t<\/div>\n\t\t<\/div>\n\t\t\t\t\t<\/div>\n\t\t<\/section>\n\t\t\t\t<\/div>\n\t\t","protected":false},"excerpt":{"rendered":"<p>Cont\u00e1ctanos Nosotros Somos una empresa formada por personal profesional multidisciplinario con formaci\u00f3n en ingenier\u00eda, biolog\u00eda, qu\u00edmica y farmac\u00e9utica. Nuestra misi\u00f3n es ofrecer productos y servicios de calidad que sean verdaderas soluciones a tus necesidades en materia de salud y ambiente. Contacto Estamos a su disposici\u00f3n a trav\u00e9s de: &nbsp; ventas@sersosa.com&nbsp; contacto@sersosa.com<\/p>\n","protected":false},"author":1,"featured_media":0,"parent":0,"menu_order":0,"comment_status":"closed","ping_status":"closed","template":"","meta":{"footnotes":""},"class_list":["post-54","page","type-page","status-publish","hentry","entry"],"_links":{"self":[{"href":"https:\/\/sersosa.com\/index.php\/wp-json\/wp\/v2\/pages\/54","targetHints":{"allow":["GET"]}}],"collection":[{"href":"https:\/\/sersosa.com\/index.php\/wp-json\/wp\/v2\/pages"}],"about":[{"href":"https:\/\/sersosa.com\/index.php\/wp-json\/wp\/v2\/types\/page"}],"author":[{"embeddable":true,"href":"https:\/\/sersosa.com\/index.php\/wp-json\/wp\/v2\/users\/1"}],"replies":[{"embeddable":true,"href":"https:\/\/sersosa.com\/index.php\/wp-json\/wp\/v2\/comments?post=54"}],"version-history":[{"count":56,"href":"https:\/\/sersosa.com\/index.php\/wp-json\/wp\/v2\/pages\/54\/revisions"}],"predecessor-version":[{"id":1205,"href":"https:\/\/sersosa.com\/index.php\/wp-json\/wp\/v2\/pages\/54\/revisions\/1205"}],"wp:attachment":[{"href":"https:\/\/sersosa.com\/index.php\/wp-json\/wp\/v2\/media?parent=54"}],"curies":[{"name":"wp","href":"https:\/\/api.w.org\/{rel}","templated":true}]}}